{"id":12167,"date":"2026-04-20T17:37:12","date_gmt":"2026-04-20T17:37:12","guid":{"rendered":"https:\/\/inkora.art\/product\/dark-peony-dutch-master-still-life-poster\/"},"modified":"2026-04-20T17:48:49","modified_gmt":"2026-04-20T17:48:49","slug":"dark-peony-dutch-master-still-life-poster","status":"publish","type":"product","link":"https:\/\/inkora.art\/en\/product\/dark-peony-dutch-master-still-life-poster\/","title":{"rendered":"Dark Peony Dutch Master Still Life \u2014 Poster"},"content":{"rendered":"<p>Impression d&rsquo;art premium <strong>Dark Peony Dutch Master Still Life<\/strong> \u2014 collection Atelier d&rsquo;Inkora.<\/p>\n<p>Chaque tirage est imprim\u00e9 \u00e0 la demande sur papier d&rsquo;art de qualit\u00e9 mus\u00e9e, avec des encres pigmentaires archivales. Disponible en plusieurs tailles, livr\u00e9 soigneusement emball\u00e9 depuis l&rsquo;atelier Printify.<\/p>\n<p><em>Nos posters sont imprim\u00e9s sur papier mat gicl\u00e9e (papier fin 285 g\/m\u00b2). Nos toiles sont tendues sur ch\u00e2ssis 1,5 pouces, pr\u00eates \u00e0 accrocher.<\/em><\/p>","protected":false},"excerpt":{"rendered":"<p>Impression d&rsquo;art premium Dark Peony Dutch Master Still Life \u2014 collection Atelier d&rsquo;Inkora. Chaque tirage est imprim\u00e9 \u00e0 la demande sur papier d&rsquo;art de qualit\u00e9 mus\u00e9e, avec des encres pigmentaires archivales. Disponible en plusieurs tailles, livr\u00e9 soigneusement emball\u00e9 depuis l&rsquo;atelier Printify. Nos posters sont imprim\u00e9s sur papier mat gicl\u00e9e (papier fin 285 g\/m\u00b2). Nos toiles [&hellip;]<\/p>\n","protected":false},"featured_media":12364,"comment_status":"open","ping_status":"closed","template":"","meta":[],"product_brand":[],"product_cat":[26],"product_tag":[],"class_list":{"0":"post-12167","1":"product","2":"type-product","3":"status-publish","4":"has-post-thumbnail","6":"product_cat-atelier","8":"first","9":"instock","10":"shipping-taxable","11":"purchasable","12":"product-type-variable","13":"has-default-attributes"},"_links":{"self":[{"href":"https:\/\/inkora.art\/en\/wp-json\/wp\/v2\/product\/12167","targetHints":{"allow":["GET"]}}],"collection":[{"href":"https:\/\/inkora.art\/en\/wp-json\/wp\/v2\/product"}],"about":[{"href":"https:\/\/inkora.art\/en\/wp-json\/wp\/v2\/types\/product"}],"replies":[{"embeddable":true,"href":"https:\/\/inkora.art\/en\/wp-json\/wp\/v2\/comments?post=12167"}],"wp:featuredmedia":[{"embeddable":true,"href":"https:\/\/inkora.art\/en\/wp-json\/wp\/v2\/media\/12364"}],"wp:attachment":[{"href":"https:\/\/inkora.art\/en\/wp-json\/wp\/v2\/media?parent=12167"}],"wp:term":[{"taxonomy":"product_brand","embeddable":true,"href":"https:\/\/inkora.art\/en\/wp-json\/wp\/v2\/product_brand?post=12167"},{"taxonomy":"product_cat","embeddable":true,"href":"https:\/\/inkora.art\/en\/wp-json\/wp\/v2\/product_cat?post=12167"},{"taxonomy":"product_tag","embeddable":true,"href":"https:\/\/inkora.art\/en\/wp-json\/wp\/v2\/product_tag?post=12167"}],"curies":[{"name":"wp","href":"https:\/\/api.w.org\/{rel}","templated":true}]}}